{"id":90,"date":"2022-06-03T15:39:55","date_gmt":"2022-06-03T15:39:55","guid":{"rendered":"https:\/\/www.it4golfe.com\/install\/sobre-nos\/"},"modified":"2022-08-19T11:14:25","modified_gmt":"2022-08-19T11:14:25","slug":"sobre-nos","status":"publish","type":"page","link":"https:\/\/www.it4golf.com\/install\/pt-pt\/sobre-nos\/","title":{"rendered":"Sobre N\u00f3s"},"content":{"rendered":"\t\t<div data-elementor-type=\"wp-page\" data-elementor-id=\"90\" class=\"elementor elementor-90\" data-elementor-post-type=\"page\">\n\t\t\t\t\t\t\t\t\t<section class=\"elementor-section elementor-top-section elementor-element elementor-element-1f68d99 elementor-section-height-min-height elementor-section-full_width elementor-section-content-middle elementor-section-items-top elementor-section-height-default\" data-id=\"1f68d99\" data-element_type=\"section\" data-settings=\"{&quot;background_background&quot;:&quot;classic&quot;}\">\n\t\t\t\t\t\t\t<div class=\"elementor-background-overlay\"><\/div>\n\t\t\t\t\t\t\t<div class=\"elementor-container elementor-column-gap-no\">\n\t\t\t\t\t<div class=\"elementor-column elementor-col-50 elementor-top-column elementor-element elementor-element-e08d1b9\" data-id=\"e08d1b9\" data-element_type=\"column\" data-settings=\"{&quot;background_background&quot;:&quot;classic&quot;}\">\n\t\t\t<div class=\"elementor-widget-wrap elementor-element-populated\">\n\t\t\t\t\t<div class=\"elementor-background-overlay\"><\/div>\n\t\t\t\t\t\t\t\t<div class=\"elementor-element elementor-element-718cd11 elementor-widget elementor-widget-heading\" data-id=\"718cd11\" data-element_type=\"widget\" data-widget_type=\"heading.default\">\n\t\t\t\t<div class=\"elementor-widget-container\">\n\t\t\t<style>\/*! elementor - v3.16.0 - 09-10-2023 *\/\n.elementor-heading-title{padding:0;margin:0;line-height:1}.elementor-widget-heading .elementor-heading-title[class*=elementor-size-]>a{color:inherit;font-size:inherit;line-height:inherit}.elementor-widget-heading .elementor-heading-title.elementor-size-small{font-size:15px}.elementor-widget-heading .elementor-heading-title.elementor-size-medium{font-size:19px}.elementor-widget-heading .elementor-heading-title.elementor-size-large{font-size:29px}.elementor-widget-heading .elementor-heading-title.elementor-size-xl{font-size:39px}.elementor-widget-heading .elementor-heading-title.elementor-size-xxl{font-size:59px}<\/style><p class=\"elementor-heading-title elementor-size-default\">Sobre N\u00f3s<\/p>\t\t<\/div>\n\t\t\t\t<\/div>\n\t\t\t\t<div class=\"elementor-element elementor-element-2fc1ab7 elementor-align-left elementor-widget-tablet__width-initial elementor-widget__width-initial elementor-widget elementor-widget-button\" data-id=\"2fc1ab7\" data-element_type=\"widget\" data-widget_type=\"button.default\">\n\t\t\t\t<div class=\"elementor-widget-container\">\n\t\t\t\t\t<div class=\"elementor-button-wrapper\">\n\t\t\t<a class=\"elementor-button elementor-button-link elementor-size-xs\" href=\"#elementor-action%3Aaction%3Dpopup%3Aopen%26settings%3DeyJpZCI6ODA4LCJ0b2dnbGUiOmZhbHNlfQ%3D%3D\">\n\t\t\t\t\t\t<span class=\"elementor-button-content-wrapper\">\n\t\t\t\t\t\t<span class=\"elementor-button-text\">experimente gr\u00e1tis<\/span>\n\t\t<\/span>\n\t\t\t\t\t<\/a>\n\t\t<\/div>\n\t\t\t\t<\/div>\n\t\t\t\t<\/div>\n\t\t\t\t\t<\/div>\n\t\t<\/div>\n\t\t\t\t<div class=\"elementor-column elementor-col-50 elementor-top-column elementor-element elementor-element-1498f69\" data-id=\"1498f69\" data-element_type=\"column\" data-settings=\"{&quot;background_background&quot;:&quot;classic&quot;}\">\n\t\t\t<div class=\"elementor-widget-wrap\">\n\t\t\t\t\t\t\t\t\t<\/div>\n\t\t<\/div>\n\t\t\t\t\t\t\t<\/div>\n\t\t<\/section>\n\t\t\t\t<section class=\"elementor-section elementor-top-section elementor-element elementor-element-baaa362 elementor-section-boxed elementor-section-height-default elementor-section-height-default\" data-id=\"baaa362\" data-element_type=\"section\">\n\t\t\t\t\t\t<div class=\"elementor-container elementor-column-gap-no\">\n\t\t\t\t\t<div class=\"elementor-column elementor-col-100 elementor-top-column elementor-element elementor-element-8a1cec\" data-id=\"8a1cec\" data-element_type=\"column\">\n\t\t\t<div class=\"elementor-widget-wrap elementor-element-populated\">\n\t\t\t\t\t\t\t\t<div class=\"elementor-element elementor-element-5916e89a elementor-widget elementor-widget-heading\" data-id=\"5916e89a\" data-element_type=\"widget\" data-widget_type=\"heading.default\">\n\t\t\t\t<div class=\"elementor-widget-container\">\n\t\t\t<h1 class=\"elementor-heading-title elementor-size-default\">Uma equipa de profissionais dedicados e ligados \u00e0s novas tecnologias\ncom mais de 20 anos de experi\u00eancia.<\/h1>\t\t<\/div>\n\t\t\t\t<\/div>\n\t\t\t\t<div class=\"elementor-element elementor-element-2ede6597 elementor-widget elementor-widget-heading\" data-id=\"2ede6597\" data-element_type=\"widget\" data-widget_type=\"heading.default\">\n\t\t\t\t<div class=\"elementor-widget-container\">\n\t\t\t<h2 class=\"elementor-heading-title elementor-size-default\">Organize todas as entidades que se relacionam com o seu neg\u00f3cio de forma eficaz e eficiente<\/h2>\t\t<\/div>\n\t\t\t\t<\/div>\n\t\t\t\t<section class=\"elementor-section elementor-inner-section elementor-element elementor-element-34b71c50 elementor-reverse-tablet elementor-reverse-mobile elementor-section-boxed elementor-section-height-default elementor-section-height-default\" data-id=\"34b71c50\" data-element_type=\"section\">\n\t\t\t\t\t\t<div class=\"elementor-container elementor-column-gap-default\">\n\t\t\t\t\t<div class=\"elementor-column elementor-col-50 elementor-inner-column elementor-element elementor-element-3e139eb8\" data-id=\"3e139eb8\" data-element_type=\"column\">\n\t\t\t<div class=\"elementor-widget-wrap elementor-element-populated\">\n\t\t\t\t\t\t\t\t<div class=\"elementor-element elementor-element-2ea96f20 elementor-widget elementor-widget-text-editor\" data-id=\"2ea96f20\" data-element_type=\"widget\" data-widget_type=\"text-editor.default\">\n\t\t\t\t<div class=\"elementor-widget-container\">\n\t\t\t<style>\/*! elementor - v3.16.0 - 09-10-2023 *\/\n.elementor-widget-text-editor.elementor-drop-cap-view-stacked .elementor-drop-cap{background-color:#69727d;color:#fff}.elementor-widget-text-editor.elementor-drop-cap-view-framed .elementor-drop-cap{color:#69727d;border:3px solid;background-color:transparent}.elementor-widget-text-editor:not(.elementor-drop-cap-view-default) .elementor-drop-cap{margin-top:8px}.elementor-widget-text-editor:not(.elementor-drop-cap-view-default) .elementor-drop-cap-letter{width:1em;height:1em}.elementor-widget-text-editor .elementor-drop-cap{float:left;text-align:center;line-height:1;font-size:50px}.elementor-widget-text-editor .elementor-drop-cap-letter{display:inline-block}<\/style>\t\t\t\t<p>A gest\u00e3o de campos de golfe n\u00e3o tem que ser algo complicado! Tomamos em considera\u00e7\u00e3o este prop\u00f3sito e criamos o IT4Golf, Software simples e intuitivo capaz de responder a todas as solicita\u00e7\u00f5es da gest\u00e3o de um ou mais campos de golfe.<\/p><p>Procur\u00e1mos desenvolver as nossas solu\u00e7\u00f5es na perspetiva de quem as utiliza, recolhendo opini\u00f5es e recomenda\u00e7\u00f5es que colocamos em pr\u00e1tica na evolu\u00e7\u00e3o dos nossos produtos.<\/p><p>A flexibilidade \u00e9 sem d\u00favida um dos fatores principais das nossas solu\u00e7\u00f5es. Este fator faz com que as nossas solu\u00e7\u00f5es se adaptem a qualquer campo de golfe n\u00e3o comprometendo o futuro.<\/p><p>Com uma equipa experiente dedicada a si, procuramos sempre quer atrav\u00e9s do suporte ao utilizador, quer no di\u00e1logo direto ajudar-lhe no sucesso do seu neg\u00f3cio.<\/p>\t\t\t\t\t\t<\/div>\n\t\t\t\t<\/div>\n\t\t\t\t<div class=\"elementor-element elementor-element-1b289f3 elementor-align-center elementor-widget-tablet__width-initial elementor-widget elementor-widget-button\" data-id=\"1b289f3\" data-element_type=\"widget\" data-widget_type=\"button.default\">\n\t\t\t\t<div class=\"elementor-widget-container\">\n\t\t\t\t\t<div class=\"elementor-button-wrapper\">\n\t\t\t<a class=\"elementor-button elementor-button-link elementor-size-xs\" href=\"#elementor-action%3Aaction%3Dpopup%3Aopen%26settings%3DeyJpZCI6ODA4LCJ0b2dnbGUiOmZhbHNlfQ%3D%3D\">\n\t\t\t\t\t\t<span class=\"elementor-button-content-wrapper\">\n\t\t\t\t\t\t<span class=\"elementor-button-text\">experimente gr\u00e1tis<\/span>\n\t\t<\/span>\n\t\t\t\t\t<\/a>\n\t\t<\/div>\n\t\t\t\t<\/div>\n\t\t\t\t<\/div>\n\t\t\t\t\t<\/div>\n\t\t<\/div>\n\t\t\t\t<div class=\"elementor-column elementor-col-50 elementor-inner-column elementor-element elementor-element-31cda3a7\" data-id=\"31cda3a7\" data-element_type=\"column\">\n\t\t\t<div class=\"elementor-widget-wrap elementor-element-populated\">\n\t\t\t\t\t\t\t\t<div class=\"elementor-element elementor-element-161a8a9 elementor-widget elementor-widget-heading\" data-id=\"161a8a9\" data-element_type=\"widget\" data-widget_type=\"heading.default\">\n\t\t\t\t<div class=\"elementor-widget-container\">\n\t\t\t<h2 class=\"elementor-heading-title elementor-size-default\">Outros Projectos<\/h2>\t\t<\/div>\n\t\t\t\t<\/div>\n\t\t\t\t<div class=\"elementor-element elementor-element-39f3b94 elementor-skin-carousel elementor-arrows-yes elementor-pagination-type-bullets elementor-pagination-position-outside elementor-widget elementor-widget-media-carousel\" data-id=\"39f3b94\" data-element_type=\"widget\" data-settings=\"{&quot;slides_per_view&quot;:&quot;1&quot;,&quot;slides_to_scroll&quot;:&quot;1&quot;,&quot;skin&quot;:&quot;carousel&quot;,&quot;effect&quot;:&quot;slide&quot;,&quot;show_arrows&quot;:&quot;yes&quot;,&quot;pagination&quot;:&quot;bullets&quot;,&quot;speed&quot;:500,&quot;autoplay&quot;:&quot;yes&quot;,&quot;autoplay_speed&quot;:5000,&quot;loop&quot;:&quot;yes&quot;,&quot;pause_on_hover&quot;:&quot;yes&quot;,&quot;pause_on_interaction&quot;:&quot;yes&quot;,&quot;space_between&quot;:{&quot;unit&quot;:&quot;px&quot;,&quot;size&quot;:10,&quot;sizes&quot;:[]},&quot;space_between_tablet&quot;:{&quot;unit&quot;:&quot;px&quot;,&quot;size&quot;:10,&quot;sizes&quot;:[]},&quot;space_between_mobile&quot;:{&quot;unit&quot;:&quot;px&quot;,&quot;size&quot;:10,&quot;sizes&quot;:[]}}\" data-widget_type=\"media-carousel.default\">\n\t\t\t\t<div class=\"elementor-widget-container\">\n\t\t\t<link rel=\"stylesheet\" href=\"https:\/\/www.it4golf.com\/install\/install\/wp-content\/plugins\/elementor-pro\/assets\/css\/widget-carousel.min.css\">\t\t<div class=\"elementor-swiper\">\n\t\t\t<div class=\"elementor-main-swiper swiper-container\">\n\t\t\t\t<div class=\"swiper-wrapper\">\n\t\t\t\t\t\t\t\t\t\t\t<div class=\"swiper-slide\">\n\t\t\t\t\t\t\t<a href=\"https:\/\/www.it4billing.com\/\">\t\t<div class=\"elementor-carousel-image\" role=\"img\" aria-label=\"IT4Billing-Sobre\" style=\"background-image: url(&#039;https:\/\/www.it4golf.com\/install\/wp-content\/uploads\/2022\/06\/IT4Billing-Sobre.svg&#039;)\">\n\n\t\t\t\n\t\t\t\t\t<\/div>\n\t\t<\/a>\t\t\t\t\t\t<\/div>\n\t\t\t\t\t\t\t\t\t\t\t<div class=\"swiper-slide\">\n\t\t\t\t\t\t\t\t\t<div class=\"elementor-carousel-image\" role=\"img\" aria-label=\"IT4Corporate\" style=\"background-image: url(&#039;https:\/\/www.it4golf.com\/install\/wp-content\/uploads\/2022\/06\/IT4Corporate.svg&#039;)\">\n\n\t\t\t\n\t\t\t\t\t<\/div>\n\t\t\t\t\t\t\t\t<\/div>\n\t\t\t\t\t\t\t\t\t\t\t<div class=\"swiper-slide\">\n\t\t\t\t\t\t\t\t\t<div class=\"elementor-carousel-image\" role=\"img\" aria-label=\"IT4Software\" style=\"background-image: url(&#039;https:\/\/www.it4golf.com\/install\/wp-content\/uploads\/2022\/06\/IT4Software.svg&#039;)\">\n\n\t\t\t\n\t\t\t\t\t<\/div>\n\t\t\t\t\t\t\t\t<\/div>\n\t\t\t\t\t\t\t\t\t<\/div>\n\t\t\t\t\t\t\t\t\t\t\t\t\t\t\t<div class=\"swiper-pagination\"><\/div>\n\t\t\t\t\t\t\t\t\t\t\t\t\t\t\t\t<div class=\"elementor-swiper-button elementor-swiper-button-prev\" role=\"button\" tabindex=\"0\">\n\t\t\t\t\t\t\t<i aria-hidden=\"true\" class=\"eicon-chevron-left\"><\/i>\t\t\t\t\t\t\t<span class=\"elementor-screen-only\">Anterior<\/span>\n\t\t\t\t\t\t<\/div>\n\t\t\t\t\t\t<div class=\"elementor-swiper-button elementor-swiper-button-next\" role=\"button\" tabindex=\"0\">\n\t\t\t\t\t\t\t<i aria-hidden=\"true\" class=\"eicon-chevron-right\"><\/i>\t\t\t\t\t\t\t<span class=\"elementor-screen-only\">Next<\/span>\n\t\t\t\t\t\t<\/div>\n\t\t\t\t\t\t\t\t\t\t\t\t<\/div>\n\t\t<\/div>\n\t\t\t\t<\/div>\n\t\t\t\t<\/div>\n\t\t\t\t\t<\/div>\n\t\t<\/div>\n\t\t\t\t\t\t\t<\/div>\n\t\t<\/section>\n\t\t\t\t\t<\/div>\n\t\t<\/div>\n\t\t\t\t\t\t\t<\/div>\n\t\t<\/section>\n\t\t\t\t\t\t\t<\/div>\n\t\t","protected":false},"excerpt":{"rendered":"<p>experimente gr\u00e1tis Uma equipa de profissionais dedicados e ligados \u00e0s novas tecnologias com mais de 20 anos de experi\u00eancia. Organize todas as entidades que se relacionam com o seu neg\u00f3cio de forma eficaz e eficiente A gest\u00e3o de campos de golfe n\u00e3o tem que ser algo complicado! Tomamos em considera\u00e7\u00e3o este prop\u00f3sito e criamos o [&hellip;]<\/p>\n","protected":false},"author":1,"featured_media":94,"parent":0,"menu_order":0,"comment_status":"closed","ping_status":"closed","template":"","meta":{"inline_featured_image":false,"footnotes":""},"class_list":["post-90","page","type-page","status-publish","has-post-thumbnail","hentry"],"yoast_head":"<!-- This site is optimized with the Yoast SEO plugin v23.7 - https:\/\/yoast.com\/wordpress\/plugins\/seo\/ -->\n<title>Sobre N\u00f3s - IT4Golf<\/title>\n<meta name=\"robots\" content=\"index, follow, max-snippet:-1, max-image-preview:large, max-video-preview:-1\" \/>\n<link rel=\"canonical\" href=\"https:\/\/www.it4golf.com\/install\/pt-pt\/sobre-nos\/\" \/>\n<meta property=\"og:locale\" content=\"pt_PT\" \/>\n<meta property=\"og:type\" content=\"article\" \/>\n<meta property=\"og:title\" content=\"Sobre N\u00f3s - IT4Golf\" \/>\n<meta property=\"og:description\" content=\"experimente gr\u00e1tis Uma equipa de profissionais dedicados e ligados \u00e0s novas tecnologias com mais de 20 anos de experi\u00eancia. Organize todas as entidades que se relacionam com o seu neg\u00f3cio de forma eficaz e eficiente A gest\u00e3o de campos de golfe n\u00e3o tem que ser algo complicado! Tomamos em considera\u00e7\u00e3o este prop\u00f3sito e criamos o [&hellip;]\" \/>\n<meta property=\"og:url\" content=\"https:\/\/www.it4golf.com\/install\/pt-pt\/sobre-nos\/\" \/>\n<meta property=\"og:site_name\" content=\"IT4Golf\" \/>\n<meta property=\"article:modified_time\" content=\"2022-08-19T11:14:25+00:00\" \/>\n<meta property=\"og:image\" content=\"https:\/\/www.it4golf.com\/install\/install\/wp-content\/uploads\/2022\/06\/Herpo-A005.jpg\" \/>\n\t<meta property=\"og:image:width\" content=\"1920\" \/>\n\t<meta property=\"og:image:height\" content=\"600\" \/>\n\t<meta property=\"og:image:type\" content=\"image\/jpeg\" \/>\n<meta name=\"twitter:card\" content=\"summary_large_image\" \/>\n<meta name=\"twitter:label1\" content=\"Tempo estimado de leitura\" \/>\n\t<meta name=\"twitter:data1\" content=\"1 minuto\" \/>\n<script type=\"application\/ld+json\" class=\"yoast-schema-graph\">{\"@context\":\"https:\/\/schema.org\",\"@graph\":[{\"@type\":\"WebPage\",\"@id\":\"https:\/\/www.it4golf.com\/install\/pt-pt\/sobre-nos\/\",\"url\":\"https:\/\/www.it4golf.com\/install\/pt-pt\/sobre-nos\/\",\"name\":\"Sobre N\u00f3s - IT4Golf\",\"isPartOf\":{\"@id\":\"https:\/\/www.it4golf.com\/install\/pt-pt\/#website\"},\"primaryImageOfPage\":{\"@id\":\"https:\/\/www.it4golf.com\/install\/pt-pt\/sobre-nos\/#primaryimage\"},\"image\":{\"@id\":\"https:\/\/www.it4golf.com\/install\/pt-pt\/sobre-nos\/#primaryimage\"},\"thumbnailUrl\":\"https:\/\/www.it4golf.com\/install\/wp-content\/uploads\/2022\/06\/Herpo-A005.jpg\",\"datePublished\":\"2022-06-03T15:39:55+00:00\",\"dateModified\":\"2022-08-19T11:14:25+00:00\",\"breadcrumb\":{\"@id\":\"https:\/\/www.it4golf.com\/install\/pt-pt\/sobre-nos\/#breadcrumb\"},\"inLanguage\":\"pt-PT\",\"potentialAction\":[{\"@type\":\"ReadAction\",\"target\":[\"https:\/\/www.it4golf.com\/install\/pt-pt\/sobre-nos\/\"]}]},{\"@type\":\"ImageObject\",\"inLanguage\":\"pt-PT\",\"@id\":\"https:\/\/www.it4golf.com\/install\/pt-pt\/sobre-nos\/#primaryimage\",\"url\":\"https:\/\/www.it4golf.com\/install\/wp-content\/uploads\/2022\/06\/Herpo-A005.jpg\",\"contentUrl\":\"https:\/\/www.it4golf.com\/install\/wp-content\/uploads\/2022\/06\/Herpo-A005.jpg\",\"width\":1920,\"height\":600},{\"@type\":\"BreadcrumbList\",\"@id\":\"https:\/\/www.it4golf.com\/install\/pt-pt\/sobre-nos\/#breadcrumb\",\"itemListElement\":[{\"@type\":\"ListItem\",\"position\":1,\"name\":\"In\u00edcio\",\"item\":\"https:\/\/www.it4golf.com\/install\/pt-pt\/\"},{\"@type\":\"ListItem\",\"position\":2,\"name\":\"Sobre N\u00f3s\"}]},{\"@type\":\"WebSite\",\"@id\":\"https:\/\/www.it4golf.com\/install\/pt-pt\/#website\",\"url\":\"https:\/\/www.it4golf.com\/install\/pt-pt\/\",\"name\":\"IT4Golf\",\"description\":\"O seu software completo de gest\u00e3o de golfe\",\"publisher\":{\"@id\":\"https:\/\/www.it4golf.com\/install\/pt-pt\/#organization\"},\"potentialAction\":[{\"@type\":\"SearchAction\",\"target\":{\"@type\":\"EntryPoint\",\"urlTemplate\":\"https:\/\/www.it4golf.com\/install\/pt-pt\/?s={search_term_string}\"},\"query-input\":{\"@type\":\"PropertyValueSpecification\",\"valueRequired\":true,\"valueName\":\"search_term_string\"}}],\"inLanguage\":\"pt-PT\"},{\"@type\":\"Organization\",\"@id\":\"https:\/\/www.it4golf.com\/install\/pt-pt\/#organization\",\"name\":\"IT4Golf\",\"url\":\"https:\/\/www.it4golf.com\/install\/pt-pt\/\",\"logo\":{\"@type\":\"ImageObject\",\"inLanguage\":\"pt-PT\",\"@id\":\"https:\/\/www.it4golf.com\/install\/pt-pt\/#\/schema\/logo\/image\/\",\"url\":\"https:\/\/www.it4golf.com\/install\/wp-content\/uploads\/2022\/06\/IT4Golf-001.svg\",\"contentUrl\":\"https:\/\/www.it4golf.com\/install\/wp-content\/uploads\/2022\/06\/IT4Golf-001.svg\",\"width\":630,\"height\":176,\"caption\":\"IT4Golf\"},\"image\":{\"@id\":\"https:\/\/www.it4golf.com\/install\/pt-pt\/#\/schema\/logo\/image\/\"}}]}<\/script>\n<!-- \/ Yoast SEO plugin. -->","yoast_head_json":{"title":"Sobre N\u00f3s - IT4Golf","robots":{"index":"index","follow":"follow","max-snippet":"max-snippet:-1","max-image-preview":"max-image-preview:large","max-video-preview":"max-video-preview:-1"},"canonical":"https:\/\/www.it4golf.com\/install\/pt-pt\/sobre-nos\/","og_locale":"pt_PT","og_type":"article","og_title":"Sobre N\u00f3s - IT4Golf","og_description":"experimente gr\u00e1tis Uma equipa de profissionais dedicados e ligados \u00e0s novas tecnologias com mais de 20 anos de experi\u00eancia. Organize todas as entidades que se relacionam com o seu neg\u00f3cio de forma eficaz e eficiente A gest\u00e3o de campos de golfe n\u00e3o tem que ser algo complicado! Tomamos em considera\u00e7\u00e3o este prop\u00f3sito e criamos o [&hellip;]","og_url":"https:\/\/www.it4golf.com\/install\/pt-pt\/sobre-nos\/","og_site_name":"IT4Golf","article_modified_time":"2022-08-19T11:14:25+00:00","og_image":[{"width":1920,"height":600,"url":"https:\/\/www.it4golf.com\/install\/install\/wp-content\/uploads\/2022\/06\/Herpo-A005.jpg","type":"image\/jpeg"}],"twitter_card":"summary_large_image","twitter_misc":{"Tempo estimado de leitura":"1 minuto"},"schema":{"@context":"https:\/\/schema.org","@graph":[{"@type":"WebPage","@id":"https:\/\/www.it4golf.com\/install\/pt-pt\/sobre-nos\/","url":"https:\/\/www.it4golf.com\/install\/pt-pt\/sobre-nos\/","name":"Sobre N\u00f3s - IT4Golf","isPartOf":{"@id":"https:\/\/www.it4golf.com\/install\/pt-pt\/#website"},"primaryImageOfPage":{"@id":"https:\/\/www.it4golf.com\/install\/pt-pt\/sobre-nos\/#primaryimage"},"image":{"@id":"https:\/\/www.it4golf.com\/install\/pt-pt\/sobre-nos\/#primaryimage"},"thumbnailUrl":"https:\/\/www.it4golf.com\/install\/wp-content\/uploads\/2022\/06\/Herpo-A005.jpg","datePublished":"2022-06-03T15:39:55+00:00","dateModified":"2022-08-19T11:14:25+00:00","breadcrumb":{"@id":"https:\/\/www.it4golf.com\/install\/pt-pt\/sobre-nos\/#breadcrumb"},"inLanguage":"pt-PT","potentialAction":[{"@type":"ReadAction","target":["https:\/\/www.it4golf.com\/install\/pt-pt\/sobre-nos\/"]}]},{"@type":"ImageObject","inLanguage":"pt-PT","@id":"https:\/\/www.it4golf.com\/install\/pt-pt\/sobre-nos\/#primaryimage","url":"https:\/\/www.it4golf.com\/install\/wp-content\/uploads\/2022\/06\/Herpo-A005.jpg","contentUrl":"https:\/\/www.it4golf.com\/install\/wp-content\/uploads\/2022\/06\/Herpo-A005.jpg","width":1920,"height":600},{"@type":"BreadcrumbList","@id":"https:\/\/www.it4golf.com\/install\/pt-pt\/sobre-nos\/#breadcrumb","itemListElement":[{"@type":"ListItem","position":1,"name":"In\u00edcio","item":"https:\/\/www.it4golf.com\/install\/pt-pt\/"},{"@type":"ListItem","position":2,"name":"Sobre N\u00f3s"}]},{"@type":"WebSite","@id":"https:\/\/www.it4golf.com\/install\/pt-pt\/#website","url":"https:\/\/www.it4golf.com\/install\/pt-pt\/","name":"IT4Golf","description":"O seu software completo de gest\u00e3o de golfe","publisher":{"@id":"https:\/\/www.it4golf.com\/install\/pt-pt\/#organization"},"potentialAction":[{"@type":"SearchAction","target":{"@type":"EntryPoint","urlTemplate":"https:\/\/www.it4golf.com\/install\/pt-pt\/?s={search_term_string}"},"query-input":{"@type":"PropertyValueSpecification","valueRequired":true,"valueName":"search_term_string"}}],"inLanguage":"pt-PT"},{"@type":"Organization","@id":"https:\/\/www.it4golf.com\/install\/pt-pt\/#organization","name":"IT4Golf","url":"https:\/\/www.it4golf.com\/install\/pt-pt\/","logo":{"@type":"ImageObject","inLanguage":"pt-PT","@id":"https:\/\/www.it4golf.com\/install\/pt-pt\/#\/schema\/logo\/image\/","url":"https:\/\/www.it4golf.com\/install\/wp-content\/uploads\/2022\/06\/IT4Golf-001.svg","contentUrl":"https:\/\/www.it4golf.com\/install\/wp-content\/uploads\/2022\/06\/IT4Golf-001.svg","width":630,"height":176,"caption":"IT4Golf"},"image":{"@id":"https:\/\/www.it4golf.com\/install\/pt-pt\/#\/schema\/logo\/image\/"}}]}},"_links":{"self":[{"href":"https:\/\/www.it4golf.com\/install\/pt-pt\/wp-json\/wp\/v2\/pages\/90","targetHints":{"allow":["GET"]}}],"collection":[{"href":"https:\/\/www.it4golf.com\/install\/pt-pt\/wp-json\/wp\/v2\/pages"}],"about":[{"href":"https:\/\/www.it4golf.com\/install\/pt-pt\/wp-json\/wp\/v2\/types\/page"}],"author":[{"embeddable":true,"href":"https:\/\/www.it4golf.com\/install\/pt-pt\/wp-json\/wp\/v2\/users\/1"}],"replies":[{"embeddable":true,"href":"https:\/\/www.it4golf.com\/install\/pt-pt\/wp-json\/wp\/v2\/comments?post=90"}],"version-history":[{"count":63,"href":"https:\/\/www.it4golf.com\/install\/pt-pt\/wp-json\/wp\/v2\/pages\/90\/revisions"}],"predecessor-version":[{"id":1104,"href":"https:\/\/www.it4golf.com\/install\/pt-pt\/wp-json\/wp\/v2\/pages\/90\/revisions\/1104"}],"wp:featuredmedia":[{"embeddable":true,"href":"https:\/\/www.it4golf.com\/install\/pt-pt\/wp-json\/wp\/v2\/media\/94"}],"wp:attachment":[{"href":"https:\/\/www.it4golf.com\/install\/pt-pt\/wp-json\/wp\/v2\/media?parent=90"}],"curies":[{"name":"wp","href":"https:\/\/api.w.org\/{rel}","templated":true}]}}