{"id":575,"date":"2022-06-03T15:39:52","date_gmt":"2022-06-03T15:39:52","guid":{"rendered":"https:\/\/www.it4golfe.com\/install\/resolucao-de-litigios\/"},"modified":"2022-08-23T14:20:36","modified_gmt":"2022-08-23T14:20:36","slug":"dispute-resolution","status":"publish","type":"page","link":"https:\/\/www.it4golf.com\/install\/dispute-resolution\/","title":{"rendered":"Dispute resolution"},"content":{"rendered":"\t\t<div data-elementor-type=\"wp-page\" data-elementor-id=\"575\" class=\"elementor elementor-575 elementor-78\" data-elementor-post-type=\"page\">\n\t\t\t\t\t\t\t\t\t<section class=\"elementor-section elementor-top-section elementor-element elementor-element-a8d3740 elementor-section-height-min-height elementor-section-full_width elementor-section-content-middle elementor-section-items-top elementor-section-height-default\" data-id=\"a8d3740\" data-element_type=\"section\" data-settings=\"{&quot;background_background&quot;:&quot;classic&quot;}\">\n\t\t\t\t\t\t\t<div class=\"elementor-background-overlay\"><\/div>\n\t\t\t\t\t\t\t<div class=\"elementor-container elementor-column-gap-no\">\n\t\t\t\t\t<div class=\"elementor-column elementor-col-50 elementor-top-column elementor-element elementor-element-93bd41a\" data-id=\"93bd41a\" data-element_type=\"column\" data-settings=\"{&quot;background_background&quot;:&quot;classic&quot;}\">\n\t\t\t<div class=\"elementor-widget-wrap elementor-element-populated\">\n\t\t\t\t\t<div class=\"elementor-background-overlay\"><\/div>\n\t\t\t\t\t\t\t\t<div class=\"elementor-element elementor-element-80e87b7 elementor-widget elementor-widget-heading\" data-id=\"80e87b7\" data-element_type=\"widget\" data-widget_type=\"heading.default\">\n\t\t\t\t<div class=\"elementor-widget-container\">\n\t\t\t<style>\/*! elementor - v3.16.0 - 09-10-2023 *\/\n.elementor-heading-title{padding:0;margin:0;line-height:1}.elementor-widget-heading .elementor-heading-title[class*=elementor-size-]>a{color:inherit;font-size:inherit;line-height:inherit}.elementor-widget-heading .elementor-heading-title.elementor-size-small{font-size:15px}.elementor-widget-heading .elementor-heading-title.elementor-size-medium{font-size:19px}.elementor-widget-heading .elementor-heading-title.elementor-size-large{font-size:29px}.elementor-widget-heading .elementor-heading-title.elementor-size-xl{font-size:39px}.elementor-widget-heading .elementor-heading-title.elementor-size-xxl{font-size:59px}<\/style><p class=\"elementor-heading-title elementor-size-default\">Dispute resolution<\/p>\t\t<\/div>\n\t\t\t\t<\/div>\n\t\t\t\t<div class=\"elementor-element elementor-element-5142168 elementor-align-left elementor-widget-tablet__width-initial elementor-widget__width-initial elementor-widget elementor-widget-button\" data-id=\"5142168\" data-element_type=\"widget\" data-widget_type=\"button.default\">\n\t\t\t\t<div class=\"elementor-widget-container\">\n\t\t\t\t\t<div class=\"elementor-button-wrapper\">\n\t\t\t<a class=\"elementor-button elementor-button-link elementor-size-xs\" href=\"#elementor-action%3Aaction%3Dpopup%3Aopen%26settings%3DeyJpZCI6NzQ0LCJ0b2dnbGUiOmZhbHNlfQ%3D%3D\">\n\t\t\t\t\t\t<span class=\"elementor-button-content-wrapper\">\n\t\t\t\t\t\t<span class=\"elementor-button-text\">Request Demo<\/span>\n\t\t<\/span>\n\t\t\t\t\t<\/a>\n\t\t<\/div>\n\t\t\t\t<\/div>\n\t\t\t\t<\/div>\n\t\t\t\t\t<\/div>\n\t\t<\/div>\n\t\t\t\t<div class=\"elementor-column elementor-col-50 elementor-top-column elementor-element elementor-element-26113de\" data-id=\"26113de\" data-element_type=\"column\" data-settings=\"{&quot;background_background&quot;:&quot;classic&quot;}\">\n\t\t\t<div class=\"elementor-widget-wrap\">\n\t\t\t\t\t\t\t\t\t<\/div>\n\t\t<\/div>\n\t\t\t\t\t\t\t<\/div>\n\t\t<\/section>\n\t\t\t\t<section class=\"elementor-section elementor-top-section elementor-element elementor-element-6ef42a89 elementor-section-boxed elementor-section-height-default elementor-section-height-default\" data-id=\"6ef42a89\" data-element_type=\"section\">\n\t\t\t\t\t\t<div class=\"elementor-container elementor-column-gap-no\">\n\t\t\t\t\t<div class=\"elementor-column elementor-col-100 elementor-top-column elementor-element elementor-element-35141efe\" data-id=\"35141efe\" data-element_type=\"column\">\n\t\t\t<div class=\"elementor-widget-wrap elementor-element-populated\">\n\t\t\t\t\t\t\t\t<section class=\"elementor-section elementor-inner-section elementor-element elementor-element-615f7a5c elementor-section-boxed elementor-section-height-default elementor-section-height-default\" data-id=\"615f7a5c\" data-element_type=\"section\">\n\t\t\t\t\t\t<div class=\"elementor-container elementor-column-gap-default\">\n\t\t\t\t\t<div class=\"elementor-column elementor-col-100 elementor-inner-column elementor-element elementor-element-2f97949d\" data-id=\"2f97949d\" data-element_type=\"column\">\n\t\t\t<div class=\"elementor-widget-wrap elementor-element-populated\">\n\t\t\t\t\t\t\t\t<div class=\"elementor-element elementor-element-1f071683 elementor-widget elementor-widget-text-editor\" data-id=\"1f071683\" data-element_type=\"widget\" data-widget_type=\"text-editor.default\">\n\t\t\t\t<div class=\"elementor-widget-container\">\n\t\t\t<style>\/*! elementor - v3.16.0 - 09-10-2023 *\/\n.elementor-widget-text-editor.elementor-drop-cap-view-stacked .elementor-drop-cap{background-color:#69727d;color:#fff}.elementor-widget-text-editor.elementor-drop-cap-view-framed .elementor-drop-cap{color:#69727d;border:3px solid;background-color:transparent}.elementor-widget-text-editor:not(.elementor-drop-cap-view-default) .elementor-drop-cap{margin-top:8px}.elementor-widget-text-editor:not(.elementor-drop-cap-view-default) .elementor-drop-cap-letter{width:1em;height:1em}.elementor-widget-text-editor .elementor-drop-cap{float:left;text-align:center;line-height:1;font-size:50px}.elementor-widget-text-editor .elementor-drop-cap-letter{display:inline-block}<\/style>\t\t\t\t<h2>PURSUANT TO LAW No. 144\/2015, OF 8\/09, WE INFORM THAT:<\/h2><p>In the event of a consumer dispute, the Customer who is a private consumer may resort to one of the following Alternative Consumer Dispute Resolution (RAL) entities:<\/p><p>\u2022 Centro Nacional de Informa\u00e7\u00e3o e Arbitragem de Conflitos de Consumo (www.arbitragemdeconsumo.org);<\/p><p>\u2022 Centro de Informa\u00e7\u00e3o, Media\u00e7\u00e3o e Arbitragem de Conflitos de Consumo do Algarve (www.consumidoronline.pt);<\/p><p>\u2022 Centro de Arbitragem de Conflitos de Consumo do Distrito de Coimbra (www.centrodearbitragemdecoimbra.com);<\/p><p>\u2022 Centro de Arbitragem de Conflitos de Consumo de Lisboa (www.centroarbitragemlisboa.pt);<\/p><p>\u2022 Centro de Informa\u00e7\u00e3o de Consumo e Arbitragem do Porto (www.cicap.pt);<\/p><p>\u2022 Centro de Arbitragem de Conflitos de Consumo do Vale do Ave (www.triave.pt);<\/p><p>\u2022 Centro de Informa\u00e7\u00e3o, Media\u00e7\u00e3o e Arbitragem de Consumo (www.ciab.pt).<br><br>For more information, please consult the Consumer Portal (www.consumidor.pt)..<br><br>Except for the conclusion of a prior agreement, RAL procedures are voluntary, so we reserve the right not to participate \/ adhere to RAL procedures.<\/p>\t\t\t\t\t\t<\/div>\n\t\t\t\t<\/div>\n\t\t\t\t\t<\/div>\n\t\t<\/div>\n\t\t\t\t\t\t\t<\/div>\n\t\t<\/section>\n\t\t\t\t\t<\/div>\n\t\t<\/div>\n\t\t\t\t\t\t\t<\/div>\n\t\t<\/section>\n\t\t\t\t\t\t\t<\/div>\n\t\t","protected":false},"excerpt":{"rendered":"<p>Request Demo PURSUANT TO LAW No. 144\/2015, OF 8\/09, WE INFORM THAT: In the event of a consumer dispute, the Customer who is a private consumer may resort to one of the following Alternative Consumer Dispute Resolution (RAL) entities: \u2022 Centro Nacional de Informa\u00e7\u00e3o e Arbitragem de Conflitos de Consumo (www.arbitragemdeconsumo.org); \u2022 Centro de Informa\u00e7\u00e3o, [&hellip;]<\/p>\n","protected":false},"author":1,"featured_media":0,"parent":0,"menu_order":0,"comment_status":"closed","ping_status":"closed","template":"","meta":{"inline_featured_image":false,"footnotes":""},"class_list":["post-575","page","type-page","status-publish","hentry"],"yoast_head":"<!-- This site is optimized with the Yoast SEO plugin v23.7 - https:\/\/yoast.com\/wordpress\/plugins\/seo\/ -->\n<title>Dispute resolution - IT4Golf<\/title>\n<meta name=\"robots\" content=\"index, follow, max-snippet:-1, max-image-preview:large, max-video-preview:-1\" \/>\n<link rel=\"canonical\" href=\"https:\/\/www.it4golf.com\/install\/dispute-resolution\/\" \/>\n<meta property=\"og:locale\" content=\"en_US\" \/>\n<meta property=\"og:type\" content=\"article\" \/>\n<meta property=\"og:title\" content=\"Dispute resolution - IT4Golf\" \/>\n<meta property=\"og:description\" content=\"Request Demo PURSUANT TO LAW No. 144\/2015, OF 8\/09, WE INFORM THAT: In the event of a consumer dispute, the Customer who is a private consumer may resort to one of the following Alternative Consumer Dispute Resolution (RAL) entities: \u2022 Centro Nacional de Informa\u00e7\u00e3o e Arbitragem de Conflitos de Consumo (www.arbitragemdeconsumo.org); \u2022 Centro de Informa\u00e7\u00e3o, [&hellip;]\" \/>\n<meta property=\"og:url\" content=\"https:\/\/www.it4golf.com\/install\/dispute-resolution\/\" \/>\n<meta property=\"og:site_name\" content=\"IT4Golf\" \/>\n<meta property=\"article:modified_time\" content=\"2022-08-23T14:20:36+00:00\" \/>\n<meta name=\"twitter:card\" content=\"summary_large_image\" \/>\n<meta name=\"twitter:label1\" content=\"Est. reading time\" \/>\n\t<meta name=\"twitter:data1\" content=\"1 minute\" \/>\n<script type=\"application\/ld+json\" class=\"yoast-schema-graph\">{\"@context\":\"https:\/\/schema.org\",\"@graph\":[{\"@type\":\"WebPage\",\"@id\":\"https:\/\/www.it4golf.com\/install\/dispute-resolution\/\",\"url\":\"https:\/\/www.it4golf.com\/install\/dispute-resolution\/\",\"name\":\"Dispute resolution - IT4Golf\",\"isPartOf\":{\"@id\":\"https:\/\/www.it4golf.com\/install\/#website\"},\"datePublished\":\"2022-06-03T15:39:52+00:00\",\"dateModified\":\"2022-08-23T14:20:36+00:00\",\"breadcrumb\":{\"@id\":\"https:\/\/www.it4golf.com\/install\/dispute-resolution\/#breadcrumb\"},\"inLanguage\":\"en-US\",\"potentialAction\":[{\"@type\":\"ReadAction\",\"target\":[\"https:\/\/www.it4golf.com\/install\/dispute-resolution\/\"]}]},{\"@type\":\"BreadcrumbList\",\"@id\":\"https:\/\/www.it4golf.com\/install\/dispute-resolution\/#breadcrumb\",\"itemListElement\":[{\"@type\":\"ListItem\",\"position\":1,\"name\":\"In\u00edcio\",\"item\":\"https:\/\/www.it4golf.com\/install\/\"},{\"@type\":\"ListItem\",\"position\":2,\"name\":\"Dispute resolution\"}]},{\"@type\":\"WebSite\",\"@id\":\"https:\/\/www.it4golf.com\/install\/#website\",\"url\":\"https:\/\/www.it4golf.com\/install\/\",\"name\":\"IT4Golf\",\"description\":\"O seu software completo de gest\u00e3o de golfe\",\"publisher\":{\"@id\":\"https:\/\/www.it4golf.com\/install\/#organization\"},\"potentialAction\":[{\"@type\":\"SearchAction\",\"target\":{\"@type\":\"EntryPoint\",\"urlTemplate\":\"https:\/\/www.it4golf.com\/install\/?s={search_term_string}\"},\"query-input\":{\"@type\":\"PropertyValueSpecification\",\"valueRequired\":true,\"valueName\":\"search_term_string\"}}],\"inLanguage\":\"en-US\"},{\"@type\":\"Organization\",\"@id\":\"https:\/\/www.it4golf.com\/install\/#organization\",\"name\":\"IT4Golf\",\"url\":\"https:\/\/www.it4golf.com\/install\/\",\"logo\":{\"@type\":\"ImageObject\",\"inLanguage\":\"en-US\",\"@id\":\"https:\/\/www.it4golf.com\/install\/#\/schema\/logo\/image\/\",\"url\":\"https:\/\/www.it4golf.com\/install\/wp-content\/uploads\/2022\/06\/IT4Golf-001.svg\",\"contentUrl\":\"https:\/\/www.it4golf.com\/install\/wp-content\/uploads\/2022\/06\/IT4Golf-001.svg\",\"width\":630,\"height\":176,\"caption\":\"IT4Golf\"},\"image\":{\"@id\":\"https:\/\/www.it4golf.com\/install\/#\/schema\/logo\/image\/\"}}]}<\/script>\n<!-- \/ Yoast SEO plugin. -->","yoast_head_json":{"title":"Dispute resolution - IT4Golf","robots":{"index":"index","follow":"follow","max-snippet":"max-snippet:-1","max-image-preview":"max-image-preview:large","max-video-preview":"max-video-preview:-1"},"canonical":"https:\/\/www.it4golf.com\/install\/dispute-resolution\/","og_locale":"en_US","og_type":"article","og_title":"Dispute resolution - IT4Golf","og_description":"Request Demo PURSUANT TO LAW No. 144\/2015, OF 8\/09, WE INFORM THAT: In the event of a consumer dispute, the Customer who is a private consumer may resort to one of the following Alternative Consumer Dispute Resolution (RAL) entities: \u2022 Centro Nacional de Informa\u00e7\u00e3o e Arbitragem de Conflitos de Consumo (www.arbitragemdeconsumo.org); \u2022 Centro de Informa\u00e7\u00e3o, [&hellip;]","og_url":"https:\/\/www.it4golf.com\/install\/dispute-resolution\/","og_site_name":"IT4Golf","article_modified_time":"2022-08-23T14:20:36+00:00","twitter_card":"summary_large_image","twitter_misc":{"Est. reading time":"1 minute"},"schema":{"@context":"https:\/\/schema.org","@graph":[{"@type":"WebPage","@id":"https:\/\/www.it4golf.com\/install\/dispute-resolution\/","url":"https:\/\/www.it4golf.com\/install\/dispute-resolution\/","name":"Dispute resolution - IT4Golf","isPartOf":{"@id":"https:\/\/www.it4golf.com\/install\/#website"},"datePublished":"2022-06-03T15:39:52+00:00","dateModified":"2022-08-23T14:20:36+00:00","breadcrumb":{"@id":"https:\/\/www.it4golf.com\/install\/dispute-resolution\/#breadcrumb"},"inLanguage":"en-US","potentialAction":[{"@type":"ReadAction","target":["https:\/\/www.it4golf.com\/install\/dispute-resolution\/"]}]},{"@type":"BreadcrumbList","@id":"https:\/\/www.it4golf.com\/install\/dispute-resolution\/#breadcrumb","itemListElement":[{"@type":"ListItem","position":1,"name":"In\u00edcio","item":"https:\/\/www.it4golf.com\/install\/"},{"@type":"ListItem","position":2,"name":"Dispute resolution"}]},{"@type":"WebSite","@id":"https:\/\/www.it4golf.com\/install\/#website","url":"https:\/\/www.it4golf.com\/install\/","name":"IT4Golf","description":"O seu software completo de gest\u00e3o de golfe","publisher":{"@id":"https:\/\/www.it4golf.com\/install\/#organization"},"potentialAction":[{"@type":"SearchAction","target":{"@type":"EntryPoint","urlTemplate":"https:\/\/www.it4golf.com\/install\/?s={search_term_string}"},"query-input":{"@type":"PropertyValueSpecification","valueRequired":true,"valueName":"search_term_string"}}],"inLanguage":"en-US"},{"@type":"Organization","@id":"https:\/\/www.it4golf.com\/install\/#organization","name":"IT4Golf","url":"https:\/\/www.it4golf.com\/install\/","logo":{"@type":"ImageObject","inLanguage":"en-US","@id":"https:\/\/www.it4golf.com\/install\/#\/schema\/logo\/image\/","url":"https:\/\/www.it4golf.com\/install\/wp-content\/uploads\/2022\/06\/IT4Golf-001.svg","contentUrl":"https:\/\/www.it4golf.com\/install\/wp-content\/uploads\/2022\/06\/IT4Golf-001.svg","width":630,"height":176,"caption":"IT4Golf"},"image":{"@id":"https:\/\/www.it4golf.com\/install\/#\/schema\/logo\/image\/"}}]}},"_links":{"self":[{"href":"https:\/\/www.it4golf.com\/install\/wp-json\/wp\/v2\/pages\/575","targetHints":{"allow":["GET"]}}],"collection":[{"href":"https:\/\/www.it4golf.com\/install\/wp-json\/wp\/v2\/pages"}],"about":[{"href":"https:\/\/www.it4golf.com\/install\/wp-json\/wp\/v2\/types\/page"}],"author":[{"embeddable":true,"href":"https:\/\/www.it4golf.com\/install\/wp-json\/wp\/v2\/users\/1"}],"replies":[{"embeddable":true,"href":"https:\/\/www.it4golf.com\/install\/wp-json\/wp\/v2\/comments?post=575"}],"version-history":[{"count":26,"href":"https:\/\/www.it4golf.com\/install\/wp-json\/wp\/v2\/pages\/575\/revisions"}],"predecessor-version":[{"id":1196,"href":"https:\/\/www.it4golf.com\/install\/wp-json\/wp\/v2\/pages\/575\/revisions\/1196"}],"wp:attachment":[{"href":"https:\/\/www.it4golf.com\/install\/wp-json\/wp\/v2\/media?parent=575"}],"curies":[{"name":"wp","href":"https:\/\/api.w.org\/{rel}","templated":true}]}}